{"id":56,"date":"2020-02-26T10:55:04","date_gmt":"2020-02-26T10:55:04","guid":{"rendered":"https:\/\/demosites.io\/web-agency-bb\/?page_id=56"},"modified":"2020-11-10T15:06:07","modified_gmt":"2020-11-10T15:06:07","slug":"48ee1-home","status":"publish","type":"page","link":"https:\/\/www.basicasset.hu\/en\/","title":{"rendered":"Home"},"content":{"rendered":"<h3>\n\t\t\t\t\tWelcome\n\t\t\t\t<\/h3>\n\t\t\t<p>Basic Asset Management<\/p>\t\t\n\t<h1>\n\t\t\t\t\tManagement and process consulting\n\t\t\t\t<\/h1>\n\t<p>Aktu\u00e1lisan &#8211; k\u00fcl\u00f6n\u00f6s tekintettel a begy\u0171r\u0171z\u00f6tt v\u00e1ls\u00e1gra \u2013 az egyes gazdas\u00e1gi szervezeteknek kiemelt figyelmet c\u00e9lszer\u0171 ford\u00edtaniuk folyamataik \u00e9s szervezeti strukt\u00far\u00e1juk \u00f6sszhangj\u00e1ra, \u00e9rt\u00e9kteremt\u0151 k\u00e9pess\u00e9g\u00fcknek folyamatos n\u00f6vel\u00e9s\u00e9re. Tan\u00e1csad\u00f3ink sz\u00e1mos ipar\u00e1gban \u00e9s \u00fcgyf\u00e9ln\u00e9l szereztek tapasztalatot, amelyek birtok\u00e1ban, kiforrott m\u00f3dszertani alapokra t\u00e1maszkodva seg\u00edtik \u00fcgyfeleinket m\u0171k\u00f6d\u00e9s\u00fck fejleszt\u00e9s\u00e9ben.<\/p>\n\t<h3>\n\t\t\t\t\tSpecific customer needs and situations where collaboration with us may be of help:\n\t\t\t\t<\/h3>\n\t\t\t<p><em>establishing an organizational\/operational concept and a process model,<\/em><em>performing activities pertaining to organizational development, change management and project management in relation to process development;<\/em><em>measuring process efficiency,<\/em><em>outsourcing or insourcing processes,<\/em><em>providing efficient IT support to business processes, implementing IT systems,<\/em><em>ipar\u00e1gi standardok, &#8220;best practice&#8221; megold\u00e1sok bevezet\u00e9se,<\/em><em>creating, modifying, regulating and implementing business processes,<\/em><em>preparing regulations and job descriptions relating to processes,<\/em><em>providing training about processes, implementing processes, then auditing the implemented processes,<\/em><em>evaluating and documenting existing processes,<\/em><em>implementing a complex business process management system.<\/em><\/p>\t\t\n\t<p>We perform the above-listed activities in line with tried-and-tested business models and IT solutions, and the processes are documented with the business process management tool of our customers\u2019 choice. We are trying to avoid delivering conventional off-the-shelf products. We are aiming for unique solutions customized to the utmost degree on the basis of companies\u2019 real position in the market.<\/p>\n\t<h3>\n\t\t\t\t\tFacility management and property development\n\t\t\t\t<\/h3>\n\t\t\t<p>The most important thing for an owner of a property is to keep his tenants for as long a time as possible, to optimize his rents and to guarantee his incomes. Our facility management business unit wishes to provide quality services with a proactive attitude in the domestic market. This is based on the idea that all the participants of a contractual relationship should be offered realistic and tangible solutions.<\/p>\t\t\n\t<h3>\n\t\t\t\t\tOur experts are ready to be contracted with respect to:\n\t\t\t\t<\/h3>\n\t\t\t<p>b\u00e9rbead\u00e1st,b\u00e9rl\u0151i \u00e1llom\u00e1ny kezel\u00e9se,szerz\u0151d\u00e9ses \u00e1llom\u00e1ny fel\u00fclvizsg\u00e1lata,\u00fczemeltet\u00e9si tev\u00e9kenys\u00e9gek fel\u00fcgyelete,kontrolling \u00e9s k\u00f6nyvel\u00e9si feladatok, archiv\u00e1l\u00e1s,ingatlanhasznos\u00edt\u00e1si tanulm\u00e1nyok,Facility Management projektek kezel\u00e9se,m\u0171szaki \u00e1tvil\u00e1g\u00edt\u00e1s, m\u0171k\u00f6d\u00e9s vizsg\u00e1lata,hat\u00e9konys\u00e1gi tanulm\u00e1nyok k\u00e9sz\u00edt\u00e9se,energiafelhaszn\u00e1l\u00e1s optimaliz\u00e1l\u00e1sa<\/p>\t\t\n\t<h3>\n\t\t\t\t\tApplication development\n\t\t\t\t<\/h3>\n\t<h3>\n\t\t\t\t\tUX (User Experience &#8211; felhaszn\u00e1l\u00f3i \u00e9lm\u00e9ny) tervez\u00e9s\n\t\t\t\t<\/h3>\n\t\t\t<p>A UX mint ter\u00fclet sokak sz\u00e1m\u00e1ra ismeretlen\u00fcl hangzik, l\u00e9nyege r\u00f6viden \u00f6sszefoglalva a t\u00f6k\u00e9letes felhaszn\u00e1l\u00f3i \u00e9lm\u00e9ny biztos\u00edt\u00e1sa, a felhaszn\u00e1l\u00f3k &#8220;ett\u0151l \u00e9rzik magukat otthon&#8221; az alkalmaz\u00e1sban. A j\u00f3 UX-el rendelkez\u0151 app-ban p\u00e9ld\u00e1ul nem kell keresni a funkci\u00f3kat, mag\u00e1t\u00f3l \u00e9rtet\u0151d\u0151 minden men\u00fcpont, \u00e9s gyorsan el lehet jutni a v\u00e1s\u00e1rl\u00e1sig amennyiben ez az alkalmaz\u00e1s c\u00e9lja. A UX tervez\u00e9s \u00e1ltal\u00e1ban egy applik\u00e1ci\u00f3 fejleszt\u00e9si projekt els\u0151 l\u00e9p\u00e9se, a fejleszt\u00e9si k\u00f6lts\u00e9g 10-20 sz\u00e1zal\u00e9k\u00e1t teszi ki, azonban \u00f6sszetett rendszerek eset\u00e9n az ar\u00e1ny j\u00f3val magasabb is lehet. Ezen f\u00e1zis eredm\u00e9nye (leegyszer\u0171s\u00edtve) egy alkalmaz\u00e1s dr\u00f3tv\u00e1z \u00e9s egy m\u0171k\u00f6d\u00e9si le\u00edr\u00e1s, specifik\u00e1ci\u00f3, amely \u00e1ltal\u00e1ban <strong>2 to 4 weeks<\/strong> .<\/p>\t\t\n\t<h3>\n\t\t\t\t\tUI (User Interface &#8211; felhaszn\u00e1l\u00f3i fel\u00fclet) tervez\u00e9s\n\t\t\t\t<\/h3>\n\t\t\t<p>A UI tervez\u00e9s sor\u00e1n elk\u00e9sz\u00edtik a mobil alkalmaz\u00e1s megjelen\u00e9s\u00e9t, teh\u00e1t az 1. f\u00e1zisban elk\u00e9sz\u00fclt dr\u00f3tv\u00e1zra a designerek &#8220;r\u00e1h\u00fazz\u00e1k&#8221; a megfelel\u0151 sz\u00edneket, ikonokat, log\u00f3kat, arculati elemeket. A felhaszn\u00e1l\u00f3k a felhaszn\u00e1l\u00f3i fel\u00fcleten kereszt\u00fcl l\u00e9pnek kapcsolatba az alkalmaz\u00e1ssal, \u00edgy fontos hogy a tervek megfeleljenek napjaink design elv\u00e1r\u00e1sainak. Egy j\u00f3 felhaszn\u00e1l\u00f3i fel\u00fclet elk\u00e9sz\u00edt\u00e9se t\u00f6bbsz\u00f6ri egyeztet\u00e9ssel, iter\u00e1ci\u00f3kkal szint\u00e9n \u00e1tlagosan <strong>2-4 weeks<\/strong> on the average.<\/p>\t\t\n\t<h3>\n\t\t\t\t\tAPP development\n\t\t\t\t<\/h3>\n\t\t\t<p>Az Android \u00e9s iOS mobil applik\u00e1ci\u00f3k piac\u00e1n igen nagy a verseny, napjainkban nehezen elk\u00e9pzelhet\u0151 b\u00e1rmilyen alkalmaz\u00e1s, az \u0151t tartalommal kiszolg\u00e1l\u00f3 szerver (backend), valamint a tartalom felt\u00f6lt\u00e9s\u00e9re szolg\u00e1l\u00f3 adminisztr\u00e1ci\u00f3s fel\u00fclet n\u00e9lk\u00fcl. Egy 15 &#8211; 20 k\u00e9perny\u0151b\u0151l \u00e1ll\u00f3, k\u00f6zepesen \u00f6sszetett mobil applik\u00e1ci\u00f3 fejleszt\u00e9se \u00e1tlagosan\u00a0<strong>2 to 3 months<\/strong>,\u00a0<a href=\"https:\/\/alkalmazasfejlesztes.blog.hu\/2019\/05\/22\/mobil_alkalmazas_fejlesztes_nativ_cagy_cross_platform\">if cross-platform solutions are used.<\/a><\/p>\t\t\n\t<h3>\n\t\t\t\t\tAdmin development\n\t\t\t\t<\/h3>\n\t\t\t<p>In most cases, it is administrators that fill the mobile applications with data and handle subscribers and subscriptions. The preparation of this surface usually takes approximately\u00a0<b>1 month.<\/b>.<\/p>\t\t\n\t<h3>\n\t\t\t\t\tBackend development\n\t\t\t\t<\/h3>\n\t\t\t<p>If the application requires the managing of authentications (registration, sign-in), data bases, and contents, it must be equipped with a backend server. The creation of a backend server also takes roughly\u00a0<strong>1 month <\/strong><strong>.<\/strong><\/p>\t\t\n\t<h3>\n\t\t\t\t\tSummary\n\t\t\t\t<\/h3>\n\t\t\t<p>The preparation of a mobile application project is very costly, but no project is ever the same. The price largely depends on the\u00a0<strong>technology used,<\/strong>the\u00a0<strong>integrations,<\/strong>\u00a0as well as the\u00a0<strong>development requirements of related systems<\/strong>\u00a0(backend, admin, website). The price may increase if speed is of importance: the system can be set up faster if\u00a0<strong>more developers<\/strong>\u00a0are involved, but then\u00a0<strong>the development time per cost ratio is higher, too<\/strong>\u00a0.\u00a0<strong>On the basis of adequate specifications, an experienced developer<\/strong>\u00a0can assess quite accurately the preparation of the application or system you need. If you want to find out about the costs the implementation of your mobile application would entail, ask for a custom-made offer.<\/p>\t\t\n\t<h3>\n\t\t\t\t\tIT consultancy\n\t\t\t\t<\/h3>\n\t\t\t<p><b>Use our team to exploit the competitive advantages and opportunities IT entails!<\/b>\u00a0Csapartunk elk\u00f6telezett abban, hogy olyan megold\u00e1sokat sz\u00e1ll\u00edtson \u00fcgyfelei sz\u00e1m\u00e1ra, melyek magas min\u0151s\u00e9gi szint\u0171 IT-funkci\u00f3k, folyamatok kialak\u00edt\u00e1s\u00e1t teszik lehet\u0151v\u00e9 a leg\u00fajabb technol\u00f3gi\u00e1k felhaszn\u00e1l\u00e1s\u00e1val, jelent\u0151s \u00fczleti \u00e9rt\u00e9ket el\u0151\u00e1ll\u00edtva. Seg\u00edts\u00e9get ny\u00fajtunk a vezet\u00e9snek, hogy tiszt\u00e1n l\u00e1ss\u00e1k az informatikai beruh\u00e1z\u00e1sok megval\u00f3s\u00edt\u00e1s\u00e1val el\u00e9rhet\u0151 eredm\u00e9nyeket, \u00e9s t\u00e1mogatjuk a v\u00e1llalatokat olyan rugalmas, k\u00f6lts\u00e9ghat\u00e9kony informatikai m\u0171k\u00f6d\u00e9s l\u00e9trehoz\u00e1s\u00e1ban, mely k\u00e9pes alkalmazkodni a folyton v\u00e1ltoz\u00f3 k\u00f6rnyezethez, \u00e9s ez\u00e1ltal el\u0151nyt biztos\u00edt a versenyt\u00e1rsakkal szemben.\u00a0T\u00e1mogatjuk \u00fcgyfeleinket IT-strat\u00e9gi\u00e1juk kialak\u00edt\u00e1s\u00e1ban \u00e9s megval\u00f3s\u00edt\u00e1s\u00e1ban, ig\u00e9ny szerint az informatikai m\u0171k\u00f6d\u00e9s \u00e1talak\u00edt\u00e1s\u00e1ban. K\u00f6z\u00f6sen fellelj\u00fck a k\u00f6lts\u00e9gcs\u00f6kkent\u00e9si lehet\u0151s\u00e9geket, tov\u00e1bb\u00e1 seg\u00edt\u00fcnk azonos\u00edtani az \u00d6n\u00f6knek optim\u00e1lis sz\u00e1ll\u00edt\u00f3kat. Tan\u00e1csad\u00f3ink seg\u00edtik az \u00fcgyfeleket a megfelel\u0151 portf\u00f3li\u00f3menedzsment-m\u00f3dszertan kialak\u00edt\u00e1s\u00e1ban, a projektek vezet\u00e9s\u00e9ben, valamint min\u0151s\u00e9gbiztos\u00edt\u00e1si feladatokat l\u00e1tnak el, biztos\u00edtva mindezzel, hogy a projektek id\u0151ben, megfelel\u0151 min\u0151s\u00e9gben \u00e9s k\u00f6lts\u00e9gkereten bel\u00fcl val\u00f3suljanak meg.\u00a0Szolg\u00e1ltat\u00e1sainkat az \u00fcgyfeleink elv\u00e1r\u00e1saihoz, ig\u00e9nyeihez igaz\u00edtva ny\u00fajtjuk, sz\u00e1ll\u00edt\u00f3kt\u00f3l teljesen f\u00fcggetlen\u00fcl.\u00a0Csapatunk t\u00f6rekszik arra, hogy a komplex probl\u00e9m\u00e1k megold\u00e1s\u00e1ban teljes k\u00f6r\u0171 szolg\u00e1ltat\u00e1st ny\u00fajthasson minden \u00fcgyfele r\u00e9sz\u00e9re.<\/p>\t\t\n<h3>\n\t\tCooperating partners\n\t<\/h3>\n\t<style type=\"text\/css\">div#logo-carousel-free-131.logo-carousel-free .wpl-logo{\n\t\t\t\t\tborder: none;\n\t\t\t\t}div#logo-carousel-free-131.logo-carousel-free.logo-carousel-free-free-area .slick-prev,\n\t\t\t\tdiv#logo-carousel-free-131.logo-carousel-free.logo-carousel-free-free-area .slick-next {\n\t\t\t\t\tcolor: #afafaf;\n\t\t\t\t}\n\t\t\t\tdiv#logo-carousel-free-131.logo-carousel-free.logo-carousel-free-free-area .slick-prev:hover,\n\t\t\t\tdiv#logo-carousel-free-131.logo-carousel-free.logo-carousel-free-free-area .slick-next:hover{\n\t\t\t\t\tbackground-color: #16a08b;\n\t\t\t\t\tcolor: #fff;\n\t\t\t\t}<\/style><div id='logo-carousel-free-131' class=\"logo-carousel-free logo-carousel-free-free-area\"><div id=\"splc-wrapper-1\" class=\"splc-wrapper\" data-slick='{ \"arrows\":true, \"autoplay\":true, \"autoplaySpeed\":1500, \"dots\":false, \"infinite\":true, \"speed\":450, \"pauseOnHover\":true, \"slidesToScroll\":1, \"slidesToShow\":4, \"responsive\":[ { \"breakpoint\":1280, \"settings\": { \"slidesToShow\":4 } }, { \"breakpoint\":980, \"settings\":{ \"slidesToShow\":4 } }, { \"breakpoint\":736, \"settings\": { \"slidesToShow\":4 } }, {\"breakpoint\":480, \"settings\":{ \"slidesToShow\":2 } } ], \"rtl\":false, \"swipe\": true, \"draggable\": true }'><div class=\"wpl-logo\"><img src=\"https:\/\/www.basicasset.hu\/wp-content\/uploads\/2020\/11\/mortoff-logo.png\" alt=\"Mortoff\" \/><\/div><div class=\"wpl-logo\"><img src=\"https:\/\/www.basicasset.hu\/wp-content\/uploads\/2020\/11\/variusalfa.png\" alt=\"Varius\" \/><\/div><div class=\"wpl-logo\"><img src=\"https:\/\/www.basicasset.hu\/wp-content\/uploads\/2020\/11\/WOOP-MEDIA_logo.png\" alt=\"Woop\" \/><\/div><div class=\"wpl-logo\"><img src=\"https:\/\/www.basicasset.hu\/wp-content\/uploads\/2020\/11\/Eston-logo17-OK-RGB-768x768-1.png\" alt=\"Eston\" \/><\/div><\/div><\/div>\n<h3>\n\t\tContact Us!\n\t<\/h3>\n\t\t\t\t<img loading=\"lazy\" src=\"https:\/\/www.basicasset.hu\/wp-content\/uploads\/2020\/11\/Eszko\u0308z-1.png\" alt=\"Eszko\u0308z 1\" itemprop=\"image\" height=\"263\" width=\"390\" title=\"Eszko\u0308z 1\" onerror=\"this.style.display='none'\"  \/>\n<form action=\"https:\/\/www.basicasset.hu\/wp-admin\/admin-post.php\" method=\"post\" name=\"content-form-\" id=\"content-form-\" data-trp-original-action=\"https:\/\/www.basicasset.hu\/wp-admin\/admin-post.php\"><h3 >This is a preview of how the success notification will look<\/h3><h3 >This is a preview of how the error notification will look<\/h3><input type=\"hidden\" id=\"_wpnonce_contact\" name=\"_wpnonce_contact\" value=\"d4bc15271f\" \/><input type=\"hidden\" name=\"_wp_http_referer\" value=\"\/?fl_builder\" \/><input type=\"hidden\" name=\"action\" value=\"content_form_submit\" \/><input type=\"hidden\" name=\"form-type\" value=\"contact\" \/><input type=\"hidden\" name=\"form-builder\" value=\"beaver\" \/><input type=\"hidden\" name=\"post-id\" value=\"56\" \/><input type=\"hidden\" name=\"form-id\" value=\"\" \/><fieldset><input type=\"text\" name=\"data[][name]\" id=\"data[][name]\" required=\"required\" placeholder=\"Name\"\"><\/fieldset><fieldset><input type=\"text\" name=\"data[][email]\" id=\"data[][email]\" required=\"required\" placeholder=\"Email\"\"><\/fieldset><fieldset><textarea name=\"data[][message]\" id=\"data[][message]\" required=\"required\" placeholder=\"Message\" cols=\"30\" rows=\"5\"><\/textarea><\/fieldset><fieldset><button type=\"submit\" name=\"submit\" value=\"submit-contact-\">Send<\/button><\/fieldset><input type=\"hidden\" name=\"trp-form-language\" value=\"en\"\/><\/form>","protected":false},"excerpt":{"rendered":"<p>\u00dcdv\u00f6z\u00f6lj\u00fck Basic Asset Management \u00dczletviteli \u00e9s folyamat tan\u00e1csad\u00e1s Aktu\u00e1lisan &#8211; k\u00fcl\u00f6n\u00f6s tekintettel a begy\u0171r\u0171z\u00f6tt v\u00e1ls\u00e1gra \u2013 az egyes gazdas\u00e1gi szervezeteknek kiemelt figyelmet c\u00e9lszer\u0171 ford\u00edtaniuk folyamataik \u00e9s szervezeti strukt\u00far\u00e1juk \u00f6sszhangj\u00e1ra, \u00e9rt\u00e9kteremt\u0151 k\u00e9pess\u00e9g\u00fcknek folyamatos n\u00f6vel\u00e9s\u00e9re. Tan\u00e1csad\u00f3ink sz\u00e1mos ipar\u00e1gban \u00e9s \u00fcgyf\u00e9ln\u00e9l szereztek tapasztalatot, amelyek birtok\u00e1ban, kiforrott m\u00f3dszertani alapokra t\u00e1maszkodva seg\u00edtik \u00fcgyfeleinket m\u0171k\u00f6d\u00e9s\u00fck fejleszt\u00e9s\u00e9ben. Jellemz\u0151 \u00fcgyf\u00e9lig\u00e9nyek \u00e9s helyzetek, melyek&hellip;&nbsp;<a href=\"https:\/\/www.basicasset.hu\/en\/wpl_logo_carousel\/eston\/\" class=\"\" rel=\"bookmark\">Read More &raquo;<span class=\"screen-reader-text\">Eston<\/span><\/a><\/p>","protected":false},"author":1,"featured_media":0,"parent":0,"menu_order":0,"comment_status":"closed","ping_status":"closed","template":"","meta":{"neve_meta_sidebar":"full-width","neve_meta_container":"full-width","neve_meta_enable_content_width":"on","neve_meta_content_width":100,"neve_meta_title_alignment":"","neve_meta_author_avatar":"","neve_post_elements_order":"","neve_meta_disable_header":"","neve_meta_disable_footer":"","neve_meta_disable_title":"on"},"yoast_head":"<!-- This site is optimized with the Yoast SEO plugin v15.2.1 - https:\/\/yoast.com\/wordpress\/plugins\/seo\/ -->\n<title>Home - basicasset.hu<\/title>\n<meta name=\"robots\" content=\"index, follow, max-snippet:-1, max-image-preview:large, max-video-preview:-1\" \/>\n<link rel=\"canonical\" href=\"https:\/\/www.basicasset.hu\/en\/\" \/>\n<meta property=\"og:locale\" content=\"en_GB\" \/>\n<meta property=\"og:type\" content=\"article\" \/>\n<meta property=\"og:title\" content=\"Home - basicasset.hu\" \/>\n<meta property=\"og:description\" content=\"\u00dcdv\u00f6z\u00f6lj\u00fck Basic Asset Management \u00dczletviteli \u00e9s folyamat tan\u00e1csad\u00e1s Aktu\u00e1lisan &#8211; k\u00fcl\u00f6n\u00f6s tekintettel a begy\u0171r\u0171z\u00f6tt v\u00e1ls\u00e1gra \u2013 az egyes gazdas\u00e1gi szervezeteknek kiemelt figyelmet c\u00e9lszer\u0171 ford\u00edtaniuk folyamataik \u00e9s szervezeti strukt\u00far\u00e1juk \u00f6sszhangj\u00e1ra, \u00e9rt\u00e9kteremt\u0151 k\u00e9pess\u00e9g\u00fcknek folyamatos n\u00f6vel\u00e9s\u00e9re. Tan\u00e1csad\u00f3ink sz\u00e1mos ipar\u00e1gban \u00e9s \u00fcgyf\u00e9ln\u00e9l szereztek tapasztalatot, amelyek birtok\u00e1ban, kiforrott m\u00f3dszertani alapokra t\u00e1maszkodva seg\u00edtik \u00fcgyfeleinket m\u0171k\u00f6d\u00e9s\u00fck fejleszt\u00e9s\u00e9ben. Jellemz\u0151 \u00fcgyf\u00e9lig\u00e9nyek \u00e9s helyzetek, melyek&hellip;&nbsp;Read More &raquo;Eston\" \/>\n<meta property=\"og:url\" content=\"https:\/\/www.basicasset.hu\/en\/\" \/>\n<meta property=\"og:site_name\" content=\"basicasset.hu\" \/>\n<meta property=\"article:modified_time\" content=\"2020-11-10T15:06:07+00:00\" \/>\n<meta property=\"og:image\" content=\"https:\/\/www.basicasset.hu\/wp-content\/uploads\/2020\/11\/Eszko\u0308z-1.png\" \/>\n<meta name=\"twitter:card\" content=\"summary_large_image\" \/>\n<meta name=\"twitter:label1\" content=\"Written by\">\n\t<meta name=\"twitter:data1\" content=\"basicasset-admin\">\n\t<meta name=\"twitter:label2\" content=\"Estimated reading time\">\n\t<meta name=\"twitter:data2\" content=\"6 minutes\">\n<script type=\"application\/ld+json\" class=\"yoast-schema-graph\">{\"@context\":\"https:\/\/schema.org\",\"@graph\":[{\"@type\":\"WebSite\",\"@id\":\"https:\/\/www.basicasset.hu\/#website\",\"url\":\"https:\/\/www.basicasset.hu\/\",\"name\":\"basicasset.hu\",\"description\":\"Basic Asset Management\",\"potentialAction\":[{\"@type\":\"SearchAction\",\"target\":\"https:\/\/www.basicasset.hu\/?s={search_term_string}\",\"query-input\":\"required name=search_term_string\"}],\"inLanguage\":\"en-GB\"},{\"@type\":\"ImageObject\",\"@id\":\"https:\/\/www.basicasset.hu\/#primaryimage\",\"inLanguage\":\"en-GB\",\"url\":\"https:\/\/www.basicasset.hu\/wp-content\/uploads\/2020\/11\/Eszko\\u0308z-1.png\",\"width\":390,\"height\":263},{\"@type\":\"WebPage\",\"@id\":\"https:\/\/www.basicasset.hu\/#webpage\",\"url\":\"https:\/\/www.basicasset.hu\/\",\"name\":\"Home - basicasset.hu\",\"isPartOf\":{\"@id\":\"https:\/\/www.basicasset.hu\/#website\"},\"primaryImageOfPage\":{\"@id\":\"https:\/\/www.basicasset.hu\/#primaryimage\"},\"datePublished\":\"2020-02-26T10:55:04+00:00\",\"dateModified\":\"2020-11-10T15:06:07+00:00\",\"inLanguage\":\"en-GB\",\"potentialAction\":[{\"@type\":\"ReadAction\",\"target\":[\"https:\/\/www.basicasset.hu\/\"]}]}]}<\/script>\n<!-- \/ Yoast SEO plugin. -->","_links":{"self":[{"href":"https:\/\/www.basicasset.hu\/en\/wp-json\/wp\/v2\/pages\/56"}],"collection":[{"href":"https:\/\/www.basicasset.hu\/en\/wp-json\/wp\/v2\/pages"}],"about":[{"href":"https:\/\/www.basicasset.hu\/en\/wp-json\/wp\/v2\/types\/page"}],"author":[{"embeddable":true,"href":"https:\/\/www.basicasset.hu\/en\/wp-json\/wp\/v2\/users\/1"}],"replies":[{"embeddable":true,"href":"https:\/\/www.basicasset.hu\/en\/wp-json\/wp\/v2\/comments?post=56"}],"version-history":[{"count":6,"href":"https:\/\/www.basicasset.hu\/en\/wp-json\/wp\/v2\/pages\/56\/revisions"}],"predecessor-version":[{"id":157,"href":"https:\/\/www.basicasset.hu\/en\/wp-json\/wp\/v2\/pages\/56\/revisions\/157"}],"wp:attachment":[{"href":"https:\/\/www.basicasset.hu\/en\/wp-json\/wp\/v2\/media?parent=56"}],"curies":[{"name":"wp","href":"https:\/\/api.w.org\/{rel}","templated":true}]}}